{"id":482,"date":"2017-11-13T16:37:25","date_gmt":"2017-11-13T14:37:25","guid":{"rendered":"https:\/\/wrlaki.fi\/ehdot\/"},"modified":"2019-11-05T18:03:01","modified_gmt":"2019-11-05T16:03:01","slug":"ehdot","status":"publish","type":"page","link":"https:\/\/wrlaki.fi\/en\/ehdot\/","title":{"rendered":"Terms"},"content":{"rendered":"<p><strong>Waly &amp; Koskinen Attorneys Ltd. \u2013 General Terms and Conditions for assignments starting from 5.11.2019<\/strong><\/p>\n<p>&nbsp;<\/p>\n<p>Waly &amp; Koskinen Attorneys Ltd. \u2013 General Terms and Conditions for assignments starting from 5.11.2019<\/p>\n<p>This document contains the terms and conditions (\u201d<strong>Terms<\/strong>\u201d) with which Waly &amp; Koskinen Attorneys Ltd. (\u201d<strong>We<\/strong>\u201d) provides legal services to Our customers, that is, to you (\u201d<strong>You<\/strong>\u201d). Since we appreciate our clients, We have made these Terms for You as clear as possible. If You have any questions concerning these Terms, We are happy to answer all of Your questions.<\/p>\n<p>&nbsp;<\/p>\n<p>1 \u00a7 An Assignment which is agreed with Our representative, or other employee, is considered entered into with Waly &amp; Koskinen Attorneys Ltd. (business identity code 2805368-1) as the legal contracting party.<\/p>\n<p>&nbsp;<\/p>\n<p>2 \u00a7\u00a0We conduct ourselves according to Finnish law and We follow all applicable ethical guidelines.<\/p>\n<p>&nbsp;<\/p>\n<p>3 \u00a7\u00a0You give Us an assignment (\u201c<strong>Assignment<\/strong>\u201d), which consists of all agreed actions.<\/p>\n<p>&nbsp;<\/p>\n<p>4 \u00a7\u00a0Receipt of any Assignments is confirmed either orally or in writing.<\/p>\n<p>&nbsp;<\/p>\n<p>5 \u00a7 Our fees are charged according to Our Price List, unless other pricing has been agreed with You. Our applicable price list and minimum invoices (\u201c<strong>Price List<\/strong>\u201d) You can always find from our website <a href=\"http:\/\/www.wrlaki.fi\/en\/private-clients\/\">www.wrlaki.fi\/en\/private-clients\/<\/a> pricing and <a href=\"http:\/\/www.wrlaki.fi\/en\/corporate-clients\/pricing\">www.wrlaki.fi\/en\/corporate-clients\/pricing<\/a> and from the printed Price List available at Our premises. The grounds for Our fees are different for private persons and for corporate clients. All other clients besides natural persons are considered corporate clients in this respect. Expenses are invoiced according to our Price List in addition to fees themselves<\/p>\n<p>&nbsp;<\/p>\n<p>6 \u00a7\u00a0Any actions performed in carrying out Your Assignment are rounded up to nearest 20 minutes for each day. The minimum billable time is 20 minutes for each day.<\/p>\n<p>&nbsp;<\/p>\n<p>7 \u00a7 If a fixed fee has been agreed to Your Assignment, this fixed fee will always contain a maximum number of hours worked or a list of actions performed which are included with the fixed fee and these constraints will always be delivered to You along with Our offer for legal services. The maximum number of hours worked included in a fixed fee is the number of hours that we have estimated that will be sufficient for Your assignment. Should, for reasons We could not anticipate when receiving Your Assignment, Your Assignment require more than the included maximum number of hours worked to be carried out, We will notify You. The hours exceeding the hour limit set will be charged according to Our applicable Price List.<\/p>\n<p>&nbsp;<\/p>\n<p>8 \u00a7 Should We, while carrying out Your assignment, notice that furthering Your interests and protecting your rights would require further actions and expanding Your Assignment, We will suggest expanding Your Assignment. You will decide whether You want to expand your Assignment or not.<\/p>\n<p>&nbsp;<\/p>\n<p>9 \u00a7 We have taken a professional liability insurance policy which covers Your Assignments. Our policy is from L\u00e4hiTapiola P\u00e4\u00e4kaupunkiseutu Keskin\u00e4inen Vakuutusyhti\u00f6 (business id 2647339-1) and the policy has a maximum indemnity of 1 000 000 euro.<\/p>\n<p>&nbsp;<\/p>\n<p>10 \u00a7 Our liability towards Our corporate clients is limited to our liability insurance policy\u2019s maximum coverage. This term does not apply to natural persons.<\/p>\n<p>&nbsp;<\/p>\n<p>11 \u00a7\u00a0When receiving Your Assignment, We will always review Your eligibility for state-funded legal aid, coverage by legal expenses insurance, or other. We will inform You if these options are available to You.<\/p>\n<p>&nbsp;<\/p>\n<p>12 \u00a7\u00a0We reserve the right to charge you for any fees not reimbursed by the legal expense insurance for any reason, unless agreed otherwise. If Your Assignment is agreed to be carried out as state-funded legal aid, and the Assignment includes actions not covered by the state, charging these actions will be agreed separately.<\/p>\n<p>&nbsp;<\/p>\n<p>13 \u00a7\u00a0By agreeing to these Terms, You give us permission to use electronic correspondence (email) when managing Your assignment.<\/p>\n","protected":false},"excerpt":{"rendered":"<p>Waly &amp; Koskinen Attorneys Ltd. \u2013 General Terms and Conditions for assignments starting from 5.11.2019 &nbsp; Waly &amp; Koskinen Attorneys Ltd. \u2013 General Terms and Conditions for assignments starting from 5.11.2019 This document contains the terms and conditions (\u201dTerms\u201d) with which Waly &amp; Koskinen Attorneys Ltd. (\u201dWe\u201d) provides legal services to Our customers, that is, [&hellip;]<\/p>\n","protected":false},"author":1,"featured_media":0,"parent":0,"menu_order":0,"comment_status":"closed","ping_status":"closed","template":"","meta":{"_acf_changed":false,"om_disable_all_campaigns":false,"footnotes":""},"categories":[],"tags":[],"class_list":["post-482","page","type-page","status-publish","hentry"],"acf":[],"_links":{"self":[{"href":"https:\/\/wrlaki.fi\/en\/wp-json\/wp\/v2\/pages\/482","targetHints":{"allow":["GET"]}}],"collection":[{"href":"https:\/\/wrlaki.fi\/en\/wp-json\/wp\/v2\/pages"}],"about":[{"href":"https:\/\/wrlaki.fi\/en\/wp-json\/wp\/v2\/types\/page"}],"author":[{"embeddable":true,"href":"https:\/\/wrlaki.fi\/en\/wp-json\/wp\/v2\/users\/1"}],"replies":[{"embeddable":true,"href":"https:\/\/wrlaki.fi\/en\/wp-json\/wp\/v2\/comments?post=482"}],"version-history":[{"count":3,"href":"https:\/\/wrlaki.fi\/en\/wp-json\/wp\/v2\/pages\/482\/revisions"}],"predecessor-version":[{"id":1352,"href":"https:\/\/wrlaki.fi\/en\/wp-json\/wp\/v2\/pages\/482\/revisions\/1352"}],"wp:attachment":[{"href":"https:\/\/wrlaki.fi\/en\/wp-json\/wp\/v2\/media?parent=482"}],"wp:term":[{"taxonomy":"category","embeddable":true,"href":"https:\/\/wrlaki.fi\/en\/wp-json\/wp\/v2\/categories?post=482"},{"taxonomy":"post_tag","embeddable":true,"href":"https:\/\/wrlaki.fi\/en\/wp-json\/wp\/v2\/tags?post=482"}],"curies":[{"name":"wp","href":"https:\/\/api.w.org\/{rel}","templated":true}]}}